{"id":102,"date":"2025-03-05T20:18:00","date_gmt":"2025-03-05T20:18:00","guid":{"rendered":"https:\/\/thefinancetoday.com\/?page_id=102"},"modified":"2025-12-15T13:14:22","modified_gmt":"2025-12-15T13:14:22","slug":"about","status":"publish","type":"page","link":"https:\/\/thefinancetoday.com\/es\/about\/","title":{"rendered":"Sobre nosotros"},"content":{"rendered":"<h1 class=\"wp-block-heading\"><strong>\u00a1El destino adecuado para quienes buscan informaci\u00f3n financiera confiable!<\/strong><\/h1>\n\n\n\n<p>En <strong>Las finanzas hoy<\/strong>Nuestra misi\u00f3n es ser su fuente esencial de informaci\u00f3n, tendencias y an\u00e1lisis del mundo financiero. Creemos que comprender las finanzas es fundamental para lograr estabilidad, crecimiento e independencia econ\u00f3mica.<\/p>\n\n\n\n<p>Por eso creamos contenido detallado y actualizado para ayudarle a tomar decisiones financieras m\u00e1s informadas, ya sea en planificaci\u00f3n personal, inversiones o emprendimiento.<\/p>\n\n\n\n<p>Ya sea que desee aprender sobre nuevas estrategias financieras, descubrir oportunidades de mercado o mantenerse actualizado con las principales noticias econ\u00f3micas, estamos aqu\u00ed para brindarle lo que necesita.<\/p>\n\n\n\n<h2 class=\"wp-block-heading\"><strong>Quienes somos<\/strong><\/h2>\n\n\n\n<p><strong>Las finanzas hoy<\/strong> Es una plataforma dedicada a brindar informaci\u00f3n financiera accesible y de alta calidad a todos. Nuestro equipo est\u00e1 formado por expertos y entusiastas de las finanzas, comprometidos a traducir el mundo financiero a un enfoque claro, pr\u00e1ctico y estrat\u00e9gico.<\/p>\n\n\n\n<p>Nuestro compromiso es ser su gu\u00eda de confianza en la b\u00fasqueda del conocimiento financiero, ayud\u00e1ndole a construir un futuro s\u00f3lido y pr\u00f3spero.<\/p>\n\n\n\n<h2 class=\"wp-block-heading\"><strong>Tu opini\u00f3n importa<\/strong><\/h2>\n\n\n\n<p>\u00a1Queremos que este espacio te sea lo m\u00e1s \u00fatil posible! Tus sugerencias y preguntas son siempre bienvenidas. Cont\u00e1ctanos y dinos qu\u00e9 temas te gustar\u00eda ver aqu\u00ed.<\/p>\n\n\n\n<p>\u00a1Siempre estamos listos para crecer y brindar contenido a\u00fan m\u00e1s relevante para apoyar su viaje financiero!<\/p>","protected":false},"excerpt":{"rendered":"<p>\u00a1El destino ideal para quienes buscan informaci\u00f3n financiera confiable! En The Finance Today, nuestra misi\u00f3n es ser su fuente esencial de informaci\u00f3n, tendencias y an\u00e1lisis del mundo financiero. Creemos que comprender las finanzas es fundamental para lograr estabilidad, crecimiento e independencia econ\u00f3mica. Por eso creamos contenido detallado y actualizado para [\u2026]<\/p>","protected":false},"author":145,"featured_media":0,"parent":0,"menu_order":0,"comment_status":"closed","ping_status":"closed","template":"page-nosidebar.php","meta":{"footnotes":""},"yoast_head":"<!-- This site is optimized with the Yoast SEO plugin v23.3 - https:\/\/yoast.com\/wordpress\/plugins\/seo\/ -->\n<title>About Us - The Finance Today<\/title>\n<meta name=\"robots\" content=\"index, follow, max-snippet:-1, max-image-preview:large, max-video-preview:-1\" \/>\n<link rel=\"canonical\" href=\"https:\/\/thefinancetoday.com\/es\/about\/\" \/>\n<meta property=\"og:locale\" content=\"es_MX\" \/>\n<meta property=\"og:type\" content=\"article\" \/>\n<meta property=\"og:title\" content=\"About Us - The Finance Today\" \/>\n<meta property=\"og:description\" content=\"The Right Destination for Those Seeking Reliable Financial Insights! At The Finance Today, our mission is to be your essential source for information, trends, and analysis in the financial world. We believe that understanding finance is a fundamental step toward achieving stability, growth, and economic independence. That\u2019s why we create detailed and up-to-date content to [&hellip;]\" \/>\n<meta property=\"og:url\" content=\"https:\/\/thefinancetoday.com\/es\/about\/\" \/>\n<meta property=\"og:site_name\" content=\"The Finance Today\" \/>\n<meta property=\"article:modified_time\" content=\"2025-12-15T13:14:22+00:00\" \/>\n<meta name=\"twitter:card\" content=\"summary_large_image\" \/>\n<meta name=\"twitter:label1\" content=\"Est. reading time\" \/>\n\t<meta name=\"twitter:data1\" content=\"1 minuto\" \/>\n<script type=\"application\/ld+json\" class=\"yoast-schema-graph\">{\"@context\":\"https:\/\/schema.org\",\"@graph\":[{\"@type\":\"WebPage\",\"@id\":\"https:\/\/thefinancetoday.com\/about\/\",\"url\":\"https:\/\/thefinancetoday.com\/about\/\",\"name\":\"About Us - The Finance Today\",\"isPartOf\":{\"@id\":\"https:\/\/thefinancetoday.com\/#website\"},\"datePublished\":\"2025-03-05T20:18:00+00:00\",\"dateModified\":\"2025-12-15T13:14:22+00:00\",\"breadcrumb\":{\"@id\":\"https:\/\/thefinancetoday.com\/about\/#breadcrumb\"},\"inLanguage\":\"es-MX\",\"potentialAction\":[{\"@type\":\"ReadAction\",\"target\":[\"https:\/\/thefinancetoday.com\/about\/\"]}]},{\"@type\":\"BreadcrumbList\",\"@id\":\"https:\/\/thefinancetoday.com\/about\/#breadcrumb\",\"itemListElement\":[{\"@type\":\"ListItem\",\"position\":1,\"name\":\"Home\",\"item\":\"https:\/\/thefinancetoday.com\/\"},{\"@type\":\"ListItem\",\"position\":2,\"name\":\"About Us\"}]},{\"@type\":\"WebSite\",\"@id\":\"https:\/\/thefinancetoday.com\/#website\",\"url\":\"https:\/\/thefinancetoday.com\/\",\"name\":\"The Finance Today\",\"description\":\"\",\"potentialAction\":[{\"@type\":\"SearchAction\",\"target\":{\"@type\":\"EntryPoint\",\"urlTemplate\":\"https:\/\/thefinancetoday.com\/?s={search_term_string}\"},\"query-input\":\"required name=search_term_string\"}],\"inLanguage\":\"es-MX\"}]}<\/script>\n<!-- \/ Yoast SEO plugin. -->","yoast_head_json":{"title":"About Us - The Finance Today","robots":{"index":"index","follow":"follow","max-snippet":"max-snippet:-1","max-image-preview":"max-image-preview:large","max-video-preview":"max-video-preview:-1"},"canonical":"https:\/\/thefinancetoday.com\/es\/about\/","og_locale":"es_MX","og_type":"article","og_title":"About Us - The Finance Today","og_description":"The Right Destination for Those Seeking Reliable Financial Insights! At The Finance Today, our mission is to be your essential source for information, trends, and analysis in the financial world. We believe that understanding finance is a fundamental step toward achieving stability, growth, and economic independence. That\u2019s why we create detailed and up-to-date content to [&hellip;]","og_url":"https:\/\/thefinancetoday.com\/es\/about\/","og_site_name":"The Finance Today","article_modified_time":"2025-12-15T13:14:22+00:00","twitter_card":"summary_large_image","twitter_misc":{"Est. reading time":"1 minuto"},"schema":{"@context":"https:\/\/schema.org","@graph":[{"@type":"WebPage","@id":"https:\/\/thefinancetoday.com\/about\/","url":"https:\/\/thefinancetoday.com\/about\/","name":"About Us - The Finance Today","isPartOf":{"@id":"https:\/\/thefinancetoday.com\/#website"},"datePublished":"2025-03-05T20:18:00+00:00","dateModified":"2025-12-15T13:14:22+00:00","breadcrumb":{"@id":"https:\/\/thefinancetoday.com\/about\/#breadcrumb"},"inLanguage":"es-MX","potentialAction":[{"@type":"ReadAction","target":["https:\/\/thefinancetoday.com\/about\/"]}]},{"@type":"BreadcrumbList","@id":"https:\/\/thefinancetoday.com\/about\/#breadcrumb","itemListElement":[{"@type":"ListItem","position":1,"name":"Home","item":"https:\/\/thefinancetoday.com\/"},{"@type":"ListItem","position":2,"name":"About Us"}]},{"@type":"WebSite","@id":"https:\/\/thefinancetoday.com\/#website","url":"https:\/\/thefinancetoday.com\/","name":"The Finance Today","description":"","potentialAction":[{"@type":"SearchAction","target":{"@type":"EntryPoint","urlTemplate":"https:\/\/thefinancetoday.com\/?s={search_term_string}"},"query-input":"required name=search_term_string"}],"inLanguage":"es-MX"}]}},"_links":{"self":[{"href":"https:\/\/thefinancetoday.com\/es\/wp-json\/wp\/v2\/pages\/102"}],"collection":[{"href":"https:\/\/thefinancetoday.com\/es\/wp-json\/wp\/v2\/pages"}],"about":[{"href":"https:\/\/thefinancetoday.com\/es\/wp-json\/wp\/v2\/types\/page"}],"author":[{"embeddable":true,"href":"https:\/\/thefinancetoday.com\/es\/wp-json\/wp\/v2\/users\/145"}],"replies":[{"embeddable":true,"href":"https:\/\/thefinancetoday.com\/es\/wp-json\/wp\/v2\/comments?post=102"}],"version-history":[{"count":3,"href":"https:\/\/thefinancetoday.com\/es\/wp-json\/wp\/v2\/pages\/102\/revisions"}],"predecessor-version":[{"id":191,"href":"https:\/\/thefinancetoday.com\/es\/wp-json\/wp\/v2\/pages\/102\/revisions\/191"}],"wp:attachment":[{"href":"https:\/\/thefinancetoday.com\/es\/wp-json\/wp\/v2\/media?parent=102"}],"curies":[{"name":"wp","href":"https:\/\/api.w.org\/{rel}","templated":true}]}}